{"id":84,"date":"2023-11-02T09:59:53","date_gmt":"2023-11-02T09:59:53","guid":{"rendered":"https:\/\/lcvm.com.br\/cvv\/?page_id=84"},"modified":"2023-11-06T00:50:24","modified_gmt":"2023-11-06T00:50:24","slug":"beneficios","status":"publish","type":"page","link":"https:\/\/lcvm.com.br\/cvv\/index.php\/beneficios\/","title":{"rendered":"Benef\u00edcios do Voo a Vela para a carreira de piloto"},"content":{"rendered":"<p><em><strong>-Prazer, Profici\u00eancia e melhor efici\u00eancia nos comandos de voo<\/strong><\/em><\/p>\n<p><em><strong>-Benef\u00edcios para a carreira de piloto:<\/strong><\/em><\/p>\n<ul>\n<li><strong><em>Piloto Privado (RBAC 61.81 \u2013 ii \u2013 B)<\/em><\/strong>\n<ul>\n<li>O total de horas de voo em avi\u00e3o pode ser reduzido para 25 horas (RBAC 61.81 \u2013 ii \u2013 B)<\/li>\n<\/ul>\n<\/li>\n<li><strong><em>Piloto Comercial<\/em><\/strong>\n<ul>\n<li>Referente ao requisito experi\u00eancia, pode-se incluir at\u00e9 30 horas de voo (que tenham sido realizadas em voo solo; RBAC 61.101 \u2013 ii &#8211; A)<\/li>\n<\/ul>\n<\/li>\n<li><em><strong>Piloto Agr\u00edcola<\/strong><\/em>\n<ul>\n<li>Referente ao requisito experi\u00eancia, pode-se incluir at\u00e9 170 horas (RBAC 61.243 \u2013 a \u2013 5)<\/li>\n<\/ul>\n<\/li>\n<\/ul>\n","protected":false},"excerpt":{"rendered":"<p>-Prazer, Profici\u00eancia e melhor efici\u00eancia nos comandos de voo -Benef\u00edcios para a carreira de piloto: Piloto Privado (RBAC 61.81 \u2013 ii \u2013 B) O total de horas de voo em avi\u00e3o pode ser reduzido para 25 horas (RBAC 61.81 \u2013 ii \u2013 B) Piloto Comercial Referente ao requisito experi\u00eancia, pode-se incluir at\u00e9 30 horas de [&hellip;]<\/p>\n","protected":false},"author":1,"featured_media":0,"parent":0,"menu_order":0,"comment_status":"closed","ping_status":"closed","template":"","meta":{"footnotes":""},"class_list":["post-84","page","type-page","status-publish","hentry"],"_links":{"self":[{"href":"https:\/\/lcvm.com.br\/cvv\/index.php\/wp-json\/wp\/v2\/pages\/84","targetHints":{"allow":["GET"]}}],"collection":[{"href":"https:\/\/lcvm.com.br\/cvv\/index.php\/wp-json\/wp\/v2\/pages"}],"about":[{"href":"https:\/\/lcvm.com.br\/cvv\/index.php\/wp-json\/wp\/v2\/types\/page"}],"author":[{"embeddable":true,"href":"https:\/\/lcvm.com.br\/cvv\/index.php\/wp-json\/wp\/v2\/users\/1"}],"replies":[{"embeddable":true,"href":"https:\/\/lcvm.com.br\/cvv\/index.php\/wp-json\/wp\/v2\/comments?post=84"}],"version-history":[{"count":4,"href":"https:\/\/lcvm.com.br\/cvv\/index.php\/wp-json\/wp\/v2\/pages\/84\/revisions"}],"predecessor-version":[{"id":130,"href":"https:\/\/lcvm.com.br\/cvv\/index.php\/wp-json\/wp\/v2\/pages\/84\/revisions\/130"}],"wp:attachment":[{"href":"https:\/\/lcvm.com.br\/cvv\/index.php\/wp-json\/wp\/v2\/media?parent=84"}],"curies":[{"name":"wp","href":"https:\/\/api.w.org\/{rel}","templated":true}]}}