{"id":61,"date":"2023-11-02T02:24:24","date_gmt":"2023-11-02T02:24:24","guid":{"rendered":"https:\/\/lcvm.com.br\/cvv\/?page_id=61"},"modified":"2023-11-06T00:50:37","modified_gmt":"2023-11-06T00:50:37","slug":"cursos","status":"publish","type":"page","link":"https:\/\/lcvm.com.br\/cvv\/index.php\/cursos\/","title":{"rendered":"Nossos Cursos"},"content":{"rendered":"<p>O Aeroclube de Rio Claro prov\u00ea as seguintes forma\u00e7\u00f5es relacionadas ao voo em planadores:<\/p>\n<p><em><strong>Piloto de Planador<\/strong><\/em><\/p>\n<p>Requisitos:<\/p>\n<ul>\n<li>16 anos completos<\/li>\n<li>Ensino fundamental completo<\/li>\n<li>Certificado M\u00e9dico Aeron\u00e1utico (CMA) de 4\u00aa Classe<\/li>\n<li>Aprova\u00e7\u00e3o no exame te\u00f3rico da ANAC (Curso te\u00f3rico n\u00e3o obrigat\u00f3rio)<\/li>\n<li>Aprova\u00e7\u00e3o no exame pr\u00e1tico da ANAC<\/li>\n<\/ul>\n<p>Nossa grade:<\/p>\n<table border=\"1\" width=\"962\">\n<tbody>\n<tr>\n<td width=\"229\">\n<p style=\"text-align: center;\"><b>Situa\u00e7\u00e3o<\/b><\/p>\n<\/td>\n<td width=\"205\">\n<p style=\"text-align: center;\"><b>Requisitos<\/b><\/p>\n<\/td>\n<td width=\"313\">\n<p style=\"text-align: center;\"><b>Duplo comando (instrutor credenciado)<\/b><\/p>\n<\/td>\n<td width=\"216\"><b>Solo (valores M\u00cdNIMOS)<\/b><\/td>\n<\/tr>\n<tr>\n<td rowspan=\"2\" width=\"229\">\n<p style=\"text-align: center;\">Aluno inicial<\/p>\n<\/td>\n<td style=\"text-align: center;\" width=\"205\">Reboques<\/td>\n<td style=\"text-align: center;\" width=\"313\">\n<p style=\"text-align: center;\">30<\/p>\n<\/td>\n<td style=\"text-align: center;\" width=\"216\">\n<p style=\"text-align: center;\">15<\/p>\n<\/td>\n<\/tr>\n<tr>\n<td width=\"205\">\n<p style=\"text-align: center;\">Horas de voo<\/p>\n<\/td>\n<td width=\"313\">\n<p style=\"text-align: center;\">15<\/p>\n<\/td>\n<td width=\"216\">\n<p style=\"text-align: center;\">10<\/p>\n<\/td>\n<\/tr>\n<tr>\n<td rowspan=\"2\" width=\"229\">\n<p style=\"text-align: center;\">Aluno j\u00e1 piloto<\/p>\n<\/td>\n<td width=\"205\">\n<p style=\"text-align: center;\">Reboques<\/p>\n<\/td>\n<td width=\"313\">\n<p style=\"text-align: center;\">15<\/p>\n<\/td>\n<td width=\"216\">\n<p style=\"text-align: center;\">10<\/p>\n<\/td>\n<\/tr>\n<tr>\n<td style=\"text-align: center;\" width=\"205\">Horas de voo<\/td>\n<td style=\"text-align: center;\" width=\"313\">\n<p style=\"text-align: center;\">10<\/p>\n<\/td>\n<td width=\"216\">\n<p style=\"text-align: center;\">10<\/p>\n<\/td>\n<\/tr>\n<\/tbody>\n<\/table>\n<p>&nbsp;<\/p>\n<table border=\"1\" width=\"433\">\n<tbody>\n<tr>\n<td width=\"433\">\n<p style=\"text-align: center;\"><b>Mat\u00e9rias <\/b><\/p>\n<p style=\"text-align: center;\"><b>(Exame te\u00f3rico ANAC; IS-00-003-F)<\/b><\/p>\n<\/td>\n<\/tr>\n<tr>\n<td width=\"433\">\n<p style=\"text-align: center;\">Regulamentos de tr\u00e1fego a\u00e9reo VFR *<\/p>\n<\/td>\n<\/tr>\n<tr>\n<td width=\"433\">\n<p style=\"text-align: center;\">Meteorologia<\/p>\n<\/td>\n<\/tr>\n<tr>\n<td width=\"433\">\n<p style=\"text-align: center;\">Navega\u00e7\u00e3o VFR<\/p>\n<\/td>\n<\/tr>\n<tr>\n<td width=\"433\">\n<p style=\"text-align: center;\">Teoria de voo *<\/p>\n<\/td>\n<\/tr>\n<tr>\n<td width=\"433\">\n<p style=\"text-align: center;\">Conhecimentos t\u00e9cnicos *<\/p>\n<\/td>\n<\/tr>\n<\/tbody>\n<\/table>\n<p>&nbsp;<\/p>\n<p><em><strong>Instrutor de voo em Planadores<\/strong><\/em><\/p>\n<p>Requisitos:<\/p>\n<ul>\n<li>Licen\u00e7a de Piloto de Planador<\/li>\n<li>Aprova\u00e7\u00e3o no exame te\u00f3rico da ANAC (Curso te\u00f3rico obrigat\u00f3rio por meio de um CIAC)<\/li>\n<li>Curso pr\u00e1tico provido por um CIAC<\/li>\n<li>Aprova\u00e7\u00e3o no exame pr\u00e1tico da ANAC (Curso pr\u00e1tico e exame de profici\u00eancia providos por um CIAC)<\/li>\n<\/ul>\n<p>&nbsp;<\/p>\n","protected":false},"excerpt":{"rendered":"<p>O Aeroclube de Rio Claro prov\u00ea as seguintes forma\u00e7\u00f5es relacionadas ao voo em planadores: Piloto de Planador Requisitos: 16 anos completos Ensino fundamental completo Certificado M\u00e9dico Aeron\u00e1utico (CMA) de 4\u00aa Classe Aprova\u00e7\u00e3o no exame te\u00f3rico da ANAC (Curso te\u00f3rico n\u00e3o obrigat\u00f3rio) Aprova\u00e7\u00e3o no exame pr\u00e1tico da ANAC Nossa grade: Situa\u00e7\u00e3o Requisitos Duplo comando (instrutor credenciado) [&hellip;]<\/p>\n","protected":false},"author":1,"featured_media":0,"parent":0,"menu_order":0,"comment_status":"closed","ping_status":"closed","template":"","meta":{"footnotes":""},"class_list":["post-61","page","type-page","status-publish","hentry"],"_links":{"self":[{"href":"https:\/\/lcvm.com.br\/cvv\/index.php\/wp-json\/wp\/v2\/pages\/61","targetHints":{"allow":["GET"]}}],"collection":[{"href":"https:\/\/lcvm.com.br\/cvv\/index.php\/wp-json\/wp\/v2\/pages"}],"about":[{"href":"https:\/\/lcvm.com.br\/cvv\/index.php\/wp-json\/wp\/v2\/types\/page"}],"author":[{"embeddable":true,"href":"https:\/\/lcvm.com.br\/cvv\/index.php\/wp-json\/wp\/v2\/users\/1"}],"replies":[{"embeddable":true,"href":"https:\/\/lcvm.com.br\/cvv\/index.php\/wp-json\/wp\/v2\/comments?post=61"}],"version-history":[{"count":7,"href":"https:\/\/lcvm.com.br\/cvv\/index.php\/wp-json\/wp\/v2\/pages\/61\/revisions"}],"predecessor-version":[{"id":131,"href":"https:\/\/lcvm.com.br\/cvv\/index.php\/wp-json\/wp\/v2\/pages\/61\/revisions\/131"}],"wp:attachment":[{"href":"https:\/\/lcvm.com.br\/cvv\/index.php\/wp-json\/wp\/v2\/media?parent=61"}],"curies":[{"name":"wp","href":"https:\/\/api.w.org\/{rel}","templated":true}]}}