{"id":120,"date":"2023-11-05T21:35:21","date_gmt":"2023-11-05T21:35:21","guid":{"rendered":"https:\/\/lcvm.com.br\/cvv\/?page_id=120"},"modified":"2023-11-06T00:51:14","modified_gmt":"2023-11-06T00:51:14","slug":"infraestrutura","status":"publish","type":"page","link":"https:\/\/lcvm.com.br\/cvv\/index.php\/infraestrutura\/","title":{"rendered":"Nossa infraestrutura"},"content":{"rendered":"<ul>\n<li>Aer\u00f3dromo com os respectivos acordos operacionais v\u00e1lidos e vigentes para o voo de planadores (SDRK);<\/li>\n<li>Salas de aula equipadas com os recursos que os alunos necessitam nos cursos te\u00f3ricos;<\/li>\n<li>Sala de briefing equipada com os recursos necess\u00e1rios \u00e0 instru\u00e7\u00e3o de voo e ao desenvolvimento do aluno;<\/li>\n<li>Alojamento para os alunos;<\/li>\n<li>Abastecimento pr\u00f3prio;<\/li>\n<li>Equipamentos e recursos para realiza\u00e7\u00e3o da opera\u00e7\u00e3o de planadores;<\/li>\n<\/ul>\n","protected":false},"excerpt":{"rendered":"<p>Aer\u00f3dromo com os respectivos acordos operacionais v\u00e1lidos e vigentes para o voo de planadores (SDRK); Salas de aula equipadas com os recursos que os alunos necessitam nos cursos te\u00f3ricos; Sala de briefing equipada com os recursos necess\u00e1rios \u00e0 instru\u00e7\u00e3o de voo e ao desenvolvimento do aluno; Alojamento para os alunos; Abastecimento pr\u00f3prio; Equipamentos e recursos [&hellip;]<\/p>\n","protected":false},"author":1,"featured_media":0,"parent":0,"menu_order":0,"comment_status":"closed","ping_status":"closed","template":"","meta":{"footnotes":""},"class_list":["post-120","page","type-page","status-publish","hentry"],"_links":{"self":[{"href":"https:\/\/lcvm.com.br\/cvv\/index.php\/wp-json\/wp\/v2\/pages\/120","targetHints":{"allow":["GET"]}}],"collection":[{"href":"https:\/\/lcvm.com.br\/cvv\/index.php\/wp-json\/wp\/v2\/pages"}],"about":[{"href":"https:\/\/lcvm.com.br\/cvv\/index.php\/wp-json\/wp\/v2\/types\/page"}],"author":[{"embeddable":true,"href":"https:\/\/lcvm.com.br\/cvv\/index.php\/wp-json\/wp\/v2\/users\/1"}],"replies":[{"embeddable":true,"href":"https:\/\/lcvm.com.br\/cvv\/index.php\/wp-json\/wp\/v2\/comments?post=120"}],"version-history":[{"count":4,"href":"https:\/\/lcvm.com.br\/cvv\/index.php\/wp-json\/wp\/v2\/pages\/120\/revisions"}],"predecessor-version":[{"id":134,"href":"https:\/\/lcvm.com.br\/cvv\/index.php\/wp-json\/wp\/v2\/pages\/120\/revisions\/134"}],"wp:attachment":[{"href":"https:\/\/lcvm.com.br\/cvv\/index.php\/wp-json\/wp\/v2\/media?parent=120"}],"curies":[{"name":"wp","href":"https:\/\/api.w.org\/{rel}","templated":true}]}}